{"id":2042,"date":"2023-12-03T20:09:08","date_gmt":"2023-12-04T01:09:08","guid":{"rendered":"https:\/\/garderie-au-pays-des-zamis.com\/?page_id=2042"},"modified":"2025-05-31T10:20:30","modified_gmt":"2025-05-31T14:20:30","slug":"payment-of-custody-fees","status":"publish","type":"page","link":"https:\/\/garderie-au-pays-des-zamis.com\/fr\/payment-of-custody-fees\/","title":{"rendered":"Paiement des frais de garde"},"content":{"rendered":"<div data-elementor-type=\"wp-page\" data-elementor-id=\"2042\" class=\"elementor elementor-2042\" data-elementor-post-type=\"page\">\n\t\t\t\t\t\t<section class=\"elementor-section elementor-top-section elementor-element elementor-element-49b12035 elementor-section-boxed elementor-section-height-default elementor-section-height-default\" data-id=\"49b12035\" data-element_type=\"section\" data-e-type=\"section\" data-settings=\"{&quot;background_background&quot;:&quot;classic&quot;}\">\n\t\t\t\t\t\t\t<div class=\"elementor-background-overlay\"><\/div>\n\t\t\t\t\t\t\t<div class=\"elementor-container elementor-column-gap-default\">\n\t\t\t\t\t<div class=\"elementor-column elementor-col-100 elementor-top-column elementor-element elementor-element-757a563\" data-id=\"757a563\" data-element_type=\"column\" data-e-type=\"column\">\n\t\t\t<div class=\"elementor-widget-wrap elementor-element-populated\">\n\t\t\t\t\t\t<div class=\"elementor-element elementor-element-2fc01ebe elementor-widget elementor-widget-heading\" data-id=\"2fc01ebe\" data-element_type=\"widget\" data-e-type=\"widget\" data-widget_type=\"heading.default\">\n\t\t\t\t<div class=\"elementor-widget-container\">\n\t\t\t\t\t<h6 class=\"elementor-heading-title elementor-size-default\">Paiement des frais de garde<\/h6>\t\t\t\t<\/div>\n\t\t\t\t<\/div>\n\t\t\t\t\t<\/div>\n\t\t<\/div>\n\t\t\t\t\t<\/div>\n\t\t<\/section>\n\t\t\t\t<section class=\"elementor-section elementor-top-section elementor-element elementor-element-5882a429 elementor-section-boxed elementor-section-height-default elementor-section-height-default\" data-id=\"5882a429\" data-element_type=\"section\" data-e-type=\"section\">\n\t\t\t\t\t\t<div class=\"elementor-container elementor-column-gap-default\">\n\t\t\t\t\t<div class=\"elementor-column elementor-col-100 elementor-top-column elementor-element elementor-element-364dda56\" data-id=\"364dda56\" data-element_type=\"column\" data-e-type=\"column\" data-settings=\"{&quot;background_background&quot;:&quot;classic&quot;}\">\n\t\t\t<div class=\"elementor-widget-wrap elementor-element-populated\">\n\t\t\t\t\t<div class=\"elementor-background-overlay\"><\/div>\n\t\t\t\t\t\t<div class=\"elementor-element elementor-element-ef1e9dc elementor-widget elementor-widget-text-editor\" data-id=\"ef1e9dc\" data-element_type=\"widget\" data-e-type=\"widget\" data-widget_type=\"text-editor.default\">\n\t\t\t\t<div class=\"elementor-widget-container\">\n\t\t\t\t\t\t\t\t\t<p>Nous vous remercions d'avoir choisi la cr\u00e8che \"Au pays des Z'amis\" pour l'\u00e9ducation et la garde de votre enfant. Nous comprenons que le choix d'une bonne garderie est une d\u00e9cision importante et nous serions ravis de vous faire visiter notre \u00e9tablissement.<\/p>\t\t\t\t\t\t\t\t<\/div>\n\t\t\t\t<\/div>\n\t\t\t\t\t<\/div>\n\t\t<\/div>\n\t\t\t\t\t<\/div>\n\t\t<\/section>\n\t\t\t\t<section class=\"elementor-section elementor-top-section elementor-element elementor-element-7aca0b82 elementor-section-full_width elementor-section-height-default elementor-section-height-default\" data-id=\"7aca0b82\" data-element_type=\"section\" data-e-type=\"section\">\n\t\t\t\t\t\t<div class=\"elementor-container elementor-column-gap-default\">\n\t\t\t\t\t<div class=\"elementor-column elementor-col-33 elementor-top-column elementor-element elementor-element-7b4c14da\" data-id=\"7b4c14da\" data-element_type=\"column\" data-e-type=\"column\">\n\t\t\t<div class=\"elementor-widget-wrap elementor-element-populated\">\n\t\t\t\t\t\t<div class=\"elementor-element elementor-element-7fd91ebd elementor-widget elementor-widget-heading\" data-id=\"7fd91ebd\" data-element_type=\"widget\" data-e-type=\"widget\" data-widget_type=\"heading.default\">\n\t\t\t\t<div class=\"elementor-widget-container\">\n\t\t\t\t\t<h2 class=\"elementor-heading-title elementor-size-default\"><a href=\"mailto:Info@garderie-au-pays-des-zamis.com\">Garderieaupaysdeszamis@gmail.com <\/a><\/h2>\t\t\t\t<\/div>\n\t\t\t\t<\/div>\n\t\t\t\t\t<\/div>\n\t\t<\/div>\n\t\t\t\t<div class=\"elementor-column elementor-col-33 elementor-top-column elementor-element elementor-element-3e7d8675\" data-id=\"3e7d8675\" data-element_type=\"column\" data-e-type=\"column\">\n\t\t\t<div class=\"elementor-widget-wrap elementor-element-populated\">\n\t\t\t\t\t\t<div class=\"elementor-element elementor-element-c0159f0 elementor-widget elementor-widget-heading\" data-id=\"c0159f0\" data-element_type=\"widget\" data-e-type=\"widget\" data-widget_type=\"heading.default\">\n\t\t\t\t<div class=\"elementor-widget-container\">\n\t\t\t\t\t<h2 class=\"elementor-heading-title elementor-size-default\"><a href=\"\">+ 1 514 419-6156<\/a><\/h2>\t\t\t\t<\/div>\n\t\t\t\t<\/div>\n\t\t\t\t\t<\/div>\n\t\t<\/div>\n\t\t\t\t<div class=\"elementor-column elementor-col-33 elementor-top-column elementor-element elementor-element-4db085b8\" data-id=\"4db085b8\" data-element_type=\"column\" data-e-type=\"column\">\n\t\t\t<div class=\"elementor-widget-wrap elementor-element-populated\">\n\t\t\t\t\t\t<div class=\"elementor-element elementor-element-4becff62 elementor-widget elementor-widget-heading\" data-id=\"4becff62\" data-element_type=\"widget\" data-e-type=\"widget\" data-widget_type=\"heading.default\">\n\t\t\t\t<div class=\"elementor-widget-container\">\n\t\t\t\t\t<h2 class=\"elementor-heading-title elementor-size-default\">Installation Rosemont-La Petite-Patrie <br>\n\n6586 Av. Papineau, Montr\u00e9al, QC H2G 2X2<\/h2>\t\t\t\t<\/div>\n\t\t\t\t<\/div>\n\t\t\t\t\t<\/div>\n\t\t<\/div>\n\t\t\t\t\t<\/div>\n\t\t<\/section>\n\t\t\t\t<section class=\"elementor-section elementor-top-section elementor-element elementor-element-29fe7e9 elementor-section-boxed elementor-section-height-default elementor-section-height-default\" data-id=\"29fe7e9\" data-element_type=\"section\" data-e-type=\"section\">\n\t\t\t\t\t\t<div class=\"elementor-container elementor-column-gap-default\">\n\t\t\t\t\t<div class=\"elementor-column elementor-col-100 elementor-top-column elementor-element elementor-element-44f7beb\" data-id=\"44f7beb\" data-element_type=\"column\" data-e-type=\"column\">\n\t\t\t<div class=\"elementor-widget-wrap elementor-element-populated\">\n\t\t\t\t\t\t<div class=\"elementor-element elementor-element-44f576f elementor-widget elementor-widget-google_maps\" data-id=\"44f576f\" data-element_type=\"widget\" data-e-type=\"widget\" data-widget_type=\"google_maps.default\">\n\t\t\t\t<div class=\"elementor-widget-container\">\n\t\t\t\t\t\t\t<div class=\"elementor-custom-embed\">\n\t\t\t<iframe loading=\"lazy\"\n\t\t\t\t\tsrc=\"https:\/\/maps.google.com\/maps?q=6586%20Av.%20Papineau%2C%20Montr%C3%A9al%2C%20QC%20H2G%202X2&#038;t=m&#038;z=10&#038;output=embed&#038;iwloc=near\"\n\t\t\t\t\ttitle=\"6586 Av. Papineau, Montr\u00e9al, QC H2G 2X2\"\n\t\t\t\t\taria-label=\"6586 Av. Papineau, Montr\u00e9al, QC H2G 2X2\"\n\t\t\t><\/iframe>\n\t\t<\/div>\n\t\t\t\t\t\t<\/div>\n\t\t\t\t<\/div>\n\t\t\t\t\t<\/div>\n\t\t<\/div>\n\t\t\t\t\t<\/div>\n\t\t<\/section>\n\t\t\t\t<\/div>","protected":false},"excerpt":{"rendered":"<p>Payment of custody fees Thank you for considering daycare &#8220;Au pays des Z&#8217;amis&#8221; for your child&#8217;s early education and care. We understand that choosing the right daycare is an important decision, and we would love the opportunity to show you around our facility. Garderieaupaysdeszamis@gmail.com + 1 514 419-6156 Installation Rosemont-La Petite-Patrie 6586 Av. Papineau, Montr\u00e9al,&#8230;<\/p>","protected":false},"author":1,"featured_media":366,"parent":0,"menu_order":0,"comment_status":"closed","ping_status":"closed","template":"","meta":{"_kadence_starter_templates_imported_post":true,"_kad_post_transparent":"","_kad_post_title":"","_kad_post_layout":"fullwidth","_kad_post_sidebar_id":"","_kad_post_content_style":"unboxed","_kad_post_vertical_padding":"","_kad_post_feature":"","_kad_post_feature_position":"","_kad_post_header":false,"_kad_post_footer":false,"_kad_post_classname":"","slim_seo":{"title":"Payment of custody fees - AU PAYS DES Z&#039;AMIS","description":"Payment of custody fees Thank you for considering daycare \"Au pays des Z'amis\" for your child's early education and care. We understand that choosing the right"},"footnotes":""},"class_list":["post-2042","page","type-page","status-publish","has-post-thumbnail","hentry"],"_links":{"self":[{"href":"https:\/\/garderie-au-pays-des-zamis.com\/fr\/wp-json\/wp\/v2\/pages\/2042","targetHints":{"allow":["GET"]}}],"collection":[{"href":"https:\/\/garderie-au-pays-des-zamis.com\/fr\/wp-json\/wp\/v2\/pages"}],"about":[{"href":"https:\/\/garderie-au-pays-des-zamis.com\/fr\/wp-json\/wp\/v2\/types\/page"}],"author":[{"embeddable":true,"href":"https:\/\/garderie-au-pays-des-zamis.com\/fr\/wp-json\/wp\/v2\/users\/1"}],"replies":[{"embeddable":true,"href":"https:\/\/garderie-au-pays-des-zamis.com\/fr\/wp-json\/wp\/v2\/comments?post=2042"}],"version-history":[{"count":13,"href":"https:\/\/garderie-au-pays-des-zamis.com\/fr\/wp-json\/wp\/v2\/pages\/2042\/revisions"}],"predecessor-version":[{"id":2189,"href":"https:\/\/garderie-au-pays-des-zamis.com\/fr\/wp-json\/wp\/v2\/pages\/2042\/revisions\/2189"}],"wp:featuredmedia":[{"embeddable":true,"href":"https:\/\/garderie-au-pays-des-zamis.com\/fr\/wp-json\/wp\/v2\/media\/366"}],"wp:attachment":[{"href":"https:\/\/garderie-au-pays-des-zamis.com\/fr\/wp-json\/wp\/v2\/media?parent=2042"}],"curies":[{"name":"wp","href":"https:\/\/api.w.org\/{rel}","templated":true}]}}