{"id":331,"date":"2021-10-08T19:01:42","date_gmt":"2021-10-08T23:01:42","guid":{"rendered":"https:\/\/startertemplatecloud.com\/g17\/?page_id=331"},"modified":"2023-05-09T14:32:39","modified_gmt":"2023-05-09T18:32:39","slug":"gallery","status":"publish","type":"page","link":"https:\/\/garderie-au-pays-des-zamis.com\/fr\/gallery\/","title":{"rendered":"Galerie"},"content":{"rendered":"\t\t<div data-elementor-type=\"wp-page\" data-elementor-id=\"331\" class=\"elementor elementor-331\" data-elementor-post-type=\"page\">\n\t\t\t\t\t\t<section class=\"elementor-section elementor-top-section elementor-element elementor-element-425b7ab4 elementor-section-boxed elementor-section-height-default elementor-section-height-default\" data-id=\"425b7ab4\" data-element_type=\"section\" data-e-type=\"section\">\n\t\t\t\t\t\t<div class=\"elementor-container elementor-column-gap-default\">\n\t\t\t\t\t<div class=\"elementor-column elementor-col-100 elementor-top-column elementor-element elementor-element-1afa3a74\" data-id=\"1afa3a74\" data-element_type=\"column\" data-e-type=\"column\">\n\t\t\t<div class=\"elementor-widget-wrap elementor-element-populated\">\n\t\t\t\t\t\t<div class=\"elementor-element elementor-element-3ac1b5ff elementor-widget elementor-widget-text-editor\" data-id=\"3ac1b5ff\" data-element_type=\"widget\" data-e-type=\"widget\" data-widget_type=\"text-editor.default\">\n\t\t\t\t<div class=\"elementor-widget-container\">\n\t\t\t\t\t\t\t\t\t<style>.kb-row-layout-id_f16707-c8 > .kt-row-column-wrap{align-content:start;}:where(.kb-row-layout-id_f16707-c8 > .kt-row-column-wrap) > .wp-block-kadence-column{justify-content:start;}.kb-row-layout-id_f16707-c8 > .kt-row-column-wrap{column-gap:var(--global-kb-gap-md, 2rem);row-gap:var(--global-kb-gap-md, 2rem);max-width:var( --global-content-width, 1290px );padding-left:var(--global-content-edge-padding);padding-right:var(--global-content-edge-padding);padding-top:80px;padding-bottom:80px;grid-template-columns:minmax(0, 1fr);}.kb-row-layout-id_f16707-c8{background-image:url('https:\/\/garderie-au-pays-des-zamis.com\/wp-content\/uploads\/2021\/09\/discovery-4-min-scaled-1.jpeg');background-size:cover;background-position:center center;background-attachment:scroll;background-repeat:no-repeat;}.kb-row-layout-id_f16707-c8 > .kt-row-layout-overlay{opacity:0.30;}@media all and (max-width: 1024px){.kb-row-layout-id_f16707-c8 > .kt-row-column-wrap{grid-template-columns:minmax(0, 1fr);}}@media all and (max-width: 767px){.kb-row-layout-id_f16707-c8 > .kt-row-column-wrap{grid-template-columns:minmax(0, 1fr);}}<\/style><div class=\"kb-row-layout-wrap kb-row-layout-id_f16707-c8 alignnone kt-row-has-bg wp-block-kadence-rowlayout\"><div class=\"kt-row-column-wrap kt-has-1-columns kt-row-layout-equal kt-tab-layout-inherit kt-mobile-layout-row kt-row-valign-top kb-theme-content-width\">\n<style>.kadence-column_b18944-17 > .kt-inside-inner-col,.kadence-column_b18944-17 > .kt-inside-inner-col:before{border-top-left-radius:0px;border-top-right-radius:0px;border-bottom-right-radius:0px;border-bottom-left-radius:0px;}.kadence-column_b18944-17 > .kt-inside-inner-col{column-gap:var(--global-kb-gap-sm, 1rem);}.kadence-column_b18944-17 > .kt-inside-inner-col{flex-direction:column;}.kadence-column_b18944-17 > .kt-inside-inner-col > .aligncenter{width:100%;}.kadence-column_b18944-17 > .kt-inside-inner-col:before{opacity:0.3;}.kadence-column_b18944-17{position:relative;}@media all and (max-width: 1024px){.kadence-column_b18944-17 > .kt-inside-inner-col{flex-direction:column;justify-content:center;}}@media all and (max-width: 767px){.kadence-column_b18944-17 > .kt-inside-inner-col{flex-direction:column;justify-content:center;}}<\/style>\n<div class=\"wp-block-kadence-column kadence-column_b18944-17 inner-column-1\"><div class=\"kt-inside-inner-col\"><style>.wp-block-kadence-advancedheading.kt-adv-heading_4181be-1a, .wp-block-kadence-advancedheading.kt-adv-heading_4181be-1a[data-kb-block=\"kb-adv-heading_4181be-1a\"]{font-weight:400;font-style:normal;font-family:'Lilita One';color:#ffffff;}.wp-block-kadence-advancedheading.kt-adv-heading_4181be-1a mark.kt-highlight, .wp-block-kadence-advancedheading.kt-adv-heading_4181be-1a[data-kb-block=\"kb-adv-heading_4181be-1a\"] mark.kt-highlight{font-style:normal;color:#f76a0c;-webkit-box-decoration-break:clone;box-decoration-break:clone;padding-top:0px;padding-right:0px;padding-bottom:0px;padding-left:0px;}.wp-block-kadence-advancedheading.kt-adv-heading_4181be-1a img.kb-inline-image, .wp-block-kadence-advancedheading.kt-adv-heading_4181be-1a[data-kb-block=\"kb-adv-heading_4181be-1a\"] img.kb-inline-image{width:150px;vertical-align:baseline;}<\/style>\n<h1 class=\"kt-adv-heading_4181be-1a wp-block-kadence-advancedheading\" data-kb-block=\"kb-adv-heading_4181be-1a\">Stories<\/h1>\n<\/div><\/div>\n\n<\/div><\/div>\t\t\t\t\t\t\t\t<\/div>\n\t\t\t\t<\/div>\n\t\t\t\t\t<\/div>\n\t\t<\/div>\n\t\t\t\t\t<\/div>\n\t\t<\/section>\n\t\t\t\t<section class=\"elementor-section elementor-top-section elementor-element elementor-element-1ed8b30 elementor-section-boxed elementor-section-height-default elementor-section-height-default\" data-id=\"1ed8b30\" data-element_type=\"section\" data-e-type=\"section\" data-settings=\"{&quot;background_background&quot;:&quot;classic&quot;}\">\n\t\t\t\t\t\t\t<div class=\"elementor-background-overlay\"><\/div>\n\t\t\t\t\t\t\t<div class=\"elementor-container elementor-column-gap-default\">\n\t\t\t\t\t<div class=\"elementor-column elementor-col-100 elementor-top-column elementor-element elementor-element-b48f776\" data-id=\"b48f776\" data-element_type=\"column\" data-e-type=\"column\">\n\t\t\t<div class=\"elementor-widget-wrap\">\n\t\t\t\t\t\t\t<\/div>\n\t\t<\/div>\n\t\t\t\t\t<\/div>\n\t\t<\/section>\n\t\t\t\t<section class=\"elementor-section elementor-top-section elementor-element elementor-element-5e73c21d elementor-section-boxed elementor-section-height-default elementor-section-height-default\" data-id=\"5e73c21d\" data-element_type=\"section\" data-e-type=\"section\">\n\t\t\t\t\t\t<div class=\"elementor-container elementor-column-gap-default\">\n\t\t\t\t\t<div class=\"elementor-column elementor-col-100 elementor-top-column elementor-element elementor-element-69ec28d6\" data-id=\"69ec28d6\" data-element_type=\"column\" data-e-type=\"column\">\n\t\t\t<div class=\"elementor-widget-wrap elementor-element-populated\">\n\t\t\t\t\t\t<div class=\"elementor-element elementor-element-6248cab elementor-widget elementor-widget-gallery\" data-id=\"6248cab\" data-element_type=\"widget\" data-e-type=\"widget\" data-settings=\"{&quot;gallery_layout&quot;:&quot;masonry&quot;,&quot;columns&quot;:2,&quot;lazyload&quot;:&quot;yes&quot;,&quot;columns_tablet&quot;:2,&quot;columns_mobile&quot;:1,&quot;gap&quot;:{&quot;unit&quot;:&quot;px&quot;,&quot;size&quot;:10,&quot;sizes&quot;:[]},&quot;gap_tablet&quot;:{&quot;unit&quot;:&quot;px&quot;,&quot;size&quot;:10,&quot;sizes&quot;:[]},&quot;gap_mobile&quot;:{&quot;unit&quot;:&quot;px&quot;,&quot;size&quot;:10,&quot;sizes&quot;:[]},&quot;link_to&quot;:&quot;file&quot;,&quot;overlay_background&quot;:&quot;yes&quot;,&quot;content_hover_animation&quot;:&quot;fade-in&quot;}\" data-widget_type=\"gallery.default\">\n\t\t\t\t<div class=\"elementor-widget-container\">\n\t\t\t\t\t\t\t<div class=\"elementor-gallery__container\">\n\t\t\t\t\t\t\t<a class=\"e-gallery-item elementor-gallery-item elementor-animated-content\" href=\"https:\/\/garderie-au-pays-des-zamis.com\/wp-content\/uploads\/2023\/04\/Garderie-Au-pays-des-zamis.png\" data-elementor-open-lightbox=\"yes\" data-elementor-lightbox-slideshow=\"6248cab\" data-elementor-lightbox-title=\"Garderie Au pays des z&#039;amis\" data-e-action-hash=\"#elementor-action%3Aaction%3Dlightbox%26settings%3DeyJpZCI6MTkyMiwidXJsIjoiaHR0cHM6XC9cL2dhcmRlcmllLWF1LXBheXMtZGVzLXphbWlzLmNvbVwvd3AtY29udGVudFwvdXBsb2Fkc1wvMjAyM1wvMDRcL0dhcmRlcmllLUF1LXBheXMtZGVzLXphbWlzLnBuZyIsInNsaWRlc2hvdyI6IjYyNDhjYWIifQ%3D%3D\">\n\t\t\t\t\t<div class=\"e-gallery-image elementor-gallery-item__image\" data-thumbnail=\"https:\/\/garderie-au-pays-des-zamis.com\/wp-content\/uploads\/2023\/04\/Garderie-Au-pays-des-zamis.png\" data-width=\"600\" data-height=\"300\" aria-label=\"\" role=\"img\" ><\/div>\n\t\t\t\t\t\t\t\t\t\t\t<div class=\"elementor-gallery-item__overlay\"><\/div>\n\t\t\t\t\t\t\t\t\t\t\t\t\t\t<\/a>\n\t\t\t\t\t\t\t<a class=\"e-gallery-item elementor-gallery-item elementor-animated-content\" href=\"https:\/\/garderie-au-pays-des-zamis.com\/wp-content\/uploads\/2023\/04\/Garderie.png\" data-elementor-open-lightbox=\"yes\" data-elementor-lightbox-slideshow=\"6248cab\" data-elementor-lightbox-title=\"Garderie\" data-e-action-hash=\"#elementor-action%3Aaction%3Dlightbox%26settings%3DeyJpZCI6MTkyMywidXJsIjoiaHR0cHM6XC9cL2dhcmRlcmllLWF1LXBheXMtZGVzLXphbWlzLmNvbVwvd3AtY29udGVudFwvdXBsb2Fkc1wvMjAyM1wvMDRcL0dhcmRlcmllLnBuZyIsInNsaWRlc2hvdyI6IjYyNDhjYWIifQ%3D%3D\">\n\t\t\t\t\t<div class=\"e-gallery-image elementor-gallery-item__image\" data-thumbnail=\"https:\/\/garderie-au-pays-des-zamis.com\/wp-content\/uploads\/2023\/04\/Garderie.png\" data-width=\"600\" data-height=\"300\" aria-label=\"\" role=\"img\" ><\/div>\n\t\t\t\t\t\t\t\t\t\t\t<div class=\"elementor-gallery-item__overlay\"><\/div>\n\t\t\t\t\t\t\t\t\t\t\t\t\t\t<\/a>\n\t\t\t\t\t\t\t<a class=\"e-gallery-item elementor-gallery-item elementor-animated-content\" href=\"https:\/\/garderie-au-pays-des-zamis.com\/wp-content\/uploads\/2023\/04\/Garderie-a-Montreal.png\" data-elementor-open-lightbox=\"yes\" data-elementor-lightbox-slideshow=\"6248cab\" data-elementor-lightbox-title=\"Garderie \u00e0 Montr\u00e9al\" data-e-action-hash=\"#elementor-action%3Aaction%3Dlightbox%26settings%3DeyJpZCI6MTkyNCwidXJsIjoiaHR0cHM6XC9cL2dhcmRlcmllLWF1LXBheXMtZGVzLXphbWlzLmNvbVwvd3AtY29udGVudFwvdXBsb2Fkc1wvMjAyM1wvMDRcL0dhcmRlcmllLWEtTW9udHJlYWwucG5nIiwic2xpZGVzaG93IjoiNjI0OGNhYiJ9\">\n\t\t\t\t\t<div class=\"e-gallery-image elementor-gallery-item__image\" data-thumbnail=\"https:\/\/garderie-au-pays-des-zamis.com\/wp-content\/uploads\/2023\/04\/Garderie-a-Montreal.png\" data-width=\"600\" data-height=\"300\" aria-label=\"\" role=\"img\" ><\/div>\n\t\t\t\t\t\t\t\t\t\t\t<div class=\"elementor-gallery-item__overlay\"><\/div>\n\t\t\t\t\t\t\t\t\t\t\t\t\t\t<\/a>\n\t\t\t\t\t\t\t<a class=\"e-gallery-item elementor-gallery-item elementor-animated-content\" href=\"https:\/\/garderie-au-pays-des-zamis.com\/wp-content\/uploads\/2023\/04\/Au-Pays-des-Zamis.png\" data-elementor-open-lightbox=\"yes\" data-elementor-lightbox-slideshow=\"6248cab\" data-elementor-lightbox-title=\"Au Pays des Z&#039;amis\" data-e-action-hash=\"#elementor-action%3Aaction%3Dlightbox%26settings%3DeyJpZCI6MTkyNSwidXJsIjoiaHR0cHM6XC9cL2dhcmRlcmllLWF1LXBheXMtZGVzLXphbWlzLmNvbVwvd3AtY29udGVudFwvdXBsb2Fkc1wvMjAyM1wvMDRcL0F1LVBheXMtZGVzLVphbWlzLnBuZyIsInNsaWRlc2hvdyI6IjYyNDhjYWIifQ%3D%3D\">\n\t\t\t\t\t<div class=\"e-gallery-image elementor-gallery-item__image\" data-thumbnail=\"https:\/\/garderie-au-pays-des-zamis.com\/wp-content\/uploads\/2023\/04\/Au-Pays-des-Zamis.png\" data-width=\"600\" data-height=\"300\" aria-label=\"\" role=\"img\" ><\/div>\n\t\t\t\t\t\t\t\t\t\t\t<div class=\"elementor-gallery-item__overlay\"><\/div>\n\t\t\t\t\t\t\t\t\t\t\t\t\t\t<\/a>\n\t\t\t\t\t\t\t<a class=\"e-gallery-item elementor-gallery-item elementor-animated-content\" href=\"https:\/\/garderie-au-pays-des-zamis.com\/wp-content\/uploads\/2023\/04\/Chilcare-Montreal.png\" data-elementor-open-lightbox=\"yes\" data-elementor-lightbox-slideshow=\"6248cab\" data-elementor-lightbox-title=\"Chilcare Montreal\" data-e-action-hash=\"#elementor-action%3Aaction%3Dlightbox%26settings%3DeyJpZCI6MTkyNiwidXJsIjoiaHR0cHM6XC9cL2dhcmRlcmllLWF1LXBheXMtZGVzLXphbWlzLmNvbVwvd3AtY29udGVudFwvdXBsb2Fkc1wvMjAyM1wvMDRcL0NoaWxjYXJlLU1vbnRyZWFsLnBuZyIsInNsaWRlc2hvdyI6IjYyNDhjYWIifQ%3D%3D\">\n\t\t\t\t\t<div class=\"e-gallery-image elementor-gallery-item__image\" data-thumbnail=\"https:\/\/garderie-au-pays-des-zamis.com\/wp-content\/uploads\/2023\/04\/Chilcare-Montreal.png\" data-width=\"600\" data-height=\"300\" aria-label=\"\" role=\"img\" ><\/div>\n\t\t\t\t\t\t\t\t\t\t\t<div class=\"elementor-gallery-item__overlay\"><\/div>\n\t\t\t\t\t\t\t\t\t\t\t\t\t\t<\/a>\n\t\t\t\t\t\t\t<a class=\"e-gallery-item elementor-gallery-item elementor-animated-content\" href=\"https:\/\/garderie-au-pays-des-zamis.com\/wp-content\/uploads\/2023\/04\/Childcare-educatif.png\" data-elementor-open-lightbox=\"yes\" data-elementor-lightbox-slideshow=\"6248cab\" data-elementor-lightbox-title=\"Childcare educatif\" data-e-action-hash=\"#elementor-action%3Aaction%3Dlightbox%26settings%3DeyJpZCI6MTkyNywidXJsIjoiaHR0cHM6XC9cL2dhcmRlcmllLWF1LXBheXMtZGVzLXphbWlzLmNvbVwvd3AtY29udGVudFwvdXBsb2Fkc1wvMjAyM1wvMDRcL0NoaWxkY2FyZS1lZHVjYXRpZi5wbmciLCJzbGlkZXNob3ciOiI2MjQ4Y2FiIn0%3D\">\n\t\t\t\t\t<div class=\"e-gallery-image elementor-gallery-item__image\" data-thumbnail=\"https:\/\/garderie-au-pays-des-zamis.com\/wp-content\/uploads\/2023\/04\/Childcare-educatif.png\" data-width=\"600\" data-height=\"300\" aria-label=\"\" role=\"img\" ><\/div>\n\t\t\t\t\t\t\t\t\t\t\t<div class=\"elementor-gallery-item__overlay\"><\/div>\n\t\t\t\t\t\t\t\t\t\t\t\t\t\t<\/a>\n\t\t\t\t\t\t\t<a class=\"e-gallery-item elementor-gallery-item elementor-animated-content\" href=\"https:\/\/garderie-au-pays-des-zamis.com\/wp-content\/uploads\/2023\/04\/Childcare-Quebec.png\" data-elementor-open-lightbox=\"yes\" data-elementor-lightbox-slideshow=\"6248cab\" data-elementor-lightbox-title=\"Childcare Qu\u00e9bec\" data-e-action-hash=\"#elementor-action%3Aaction%3Dlightbox%26settings%3DeyJpZCI6MTkyOCwidXJsIjoiaHR0cHM6XC9cL2dhcmRlcmllLWF1LXBheXMtZGVzLXphbWlzLmNvbVwvd3AtY29udGVudFwvdXBsb2Fkc1wvMjAyM1wvMDRcL0NoaWxkY2FyZS1RdWViZWMucG5nIiwic2xpZGVzaG93IjoiNjI0OGNhYiJ9\">\n\t\t\t\t\t<div class=\"e-gallery-image elementor-gallery-item__image\" data-thumbnail=\"https:\/\/garderie-au-pays-des-zamis.com\/wp-content\/uploads\/2023\/04\/Childcare-Quebec.png\" data-width=\"600\" data-height=\"300\" aria-label=\"\" role=\"img\" ><\/div>\n\t\t\t\t\t\t\t\t\t\t\t<div class=\"elementor-gallery-item__overlay\"><\/div>\n\t\t\t\t\t\t\t\t\t\t\t\t\t\t<\/a>\n\t\t\t\t\t\t\t<a class=\"e-gallery-item elementor-gallery-item elementor-animated-content\" href=\"https:\/\/garderie-au-pays-des-zamis.com\/wp-content\/uploads\/2023\/04\/Childcare.png\" data-elementor-open-lightbox=\"yes\" data-elementor-lightbox-slideshow=\"6248cab\" data-elementor-lightbox-title=\"Childcare\" data-e-action-hash=\"#elementor-action%3Aaction%3Dlightbox%26settings%3DeyJpZCI6MTkyOSwidXJsIjoiaHR0cHM6XC9cL2dhcmRlcmllLWF1LXBheXMtZGVzLXphbWlzLmNvbVwvd3AtY29udGVudFwvdXBsb2Fkc1wvMjAyM1wvMDRcL0NoaWxkY2FyZS5wbmciLCJzbGlkZXNob3ciOiI2MjQ4Y2FiIn0%3D\">\n\t\t\t\t\t<div class=\"e-gallery-image elementor-gallery-item__image\" data-thumbnail=\"https:\/\/garderie-au-pays-des-zamis.com\/wp-content\/uploads\/2023\/04\/Childcare.png\" data-width=\"600\" data-height=\"300\" aria-label=\"\" role=\"img\" ><\/div>\n\t\t\t\t\t\t\t\t\t\t\t<div class=\"elementor-gallery-item__overlay\"><\/div>\n\t\t\t\t\t\t\t\t\t\t\t\t\t\t<\/a>\n\t\t\t\t\t\t\t<a class=\"e-gallery-item elementor-gallery-item elementor-animated-content\" href=\"https:\/\/garderie-au-pays-des-zamis.com\/wp-content\/uploads\/2023\/04\/Daycare-Montreal.png\" data-elementor-open-lightbox=\"yes\" data-elementor-lightbox-slideshow=\"6248cab\" data-elementor-lightbox-title=\"Daycare Montreal\" data-e-action-hash=\"#elementor-action%3Aaction%3Dlightbox%26settings%3DeyJpZCI6MTkzMCwidXJsIjoiaHR0cHM6XC9cL2dhcmRlcmllLWF1LXBheXMtZGVzLXphbWlzLmNvbVwvd3AtY29udGVudFwvdXBsb2Fkc1wvMjAyM1wvMDRcL0RheWNhcmUtTW9udHJlYWwucG5nIiwic2xpZGVzaG93IjoiNjI0OGNhYiJ9\">\n\t\t\t\t\t<div class=\"e-gallery-image elementor-gallery-item__image\" data-thumbnail=\"https:\/\/garderie-au-pays-des-zamis.com\/wp-content\/uploads\/2023\/04\/Daycare-Montreal.png\" data-width=\"600\" data-height=\"300\" aria-label=\"\" role=\"img\" ><\/div>\n\t\t\t\t\t\t\t\t\t\t\t<div class=\"elementor-gallery-item__overlay\"><\/div>\n\t\t\t\t\t\t\t\t\t\t\t\t\t\t<\/a>\n\t\t\t\t\t\t\t<a class=\"e-gallery-item elementor-gallery-item elementor-animated-content\" href=\"https:\/\/garderie-au-pays-des-zamis.com\/wp-content\/uploads\/2023\/04\/Daycare.png\" data-elementor-open-lightbox=\"yes\" data-elementor-lightbox-slideshow=\"6248cab\" data-elementor-lightbox-title=\"Daycare\" data-e-action-hash=\"#elementor-action%3Aaction%3Dlightbox%26settings%3DeyJpZCI6MTkzMSwidXJsIjoiaHR0cHM6XC9cL2dhcmRlcmllLWF1LXBheXMtZGVzLXphbWlzLmNvbVwvd3AtY29udGVudFwvdXBsb2Fkc1wvMjAyM1wvMDRcL0RheWNhcmUucG5nIiwic2xpZGVzaG93IjoiNjI0OGNhYiJ9\">\n\t\t\t\t\t<div class=\"e-gallery-image elementor-gallery-item__image\" data-thumbnail=\"https:\/\/garderie-au-pays-des-zamis.com\/wp-content\/uploads\/2023\/04\/Daycare.png\" data-width=\"600\" data-height=\"300\" aria-label=\"\" role=\"img\" ><\/div>\n\t\t\t\t\t\t\t\t\t\t\t<div class=\"elementor-gallery-item__overlay\"><\/div>\n\t\t\t\t\t\t\t\t\t\t\t\t\t\t<\/a>\n\t\t\t\t\t\t\t<a class=\"e-gallery-item elementor-gallery-item elementor-animated-content\" href=\"https:\/\/garderie-au-pays-des-zamis.com\/wp-content\/uploads\/2023\/04\/Garderie-a-Montreal-1.png\" data-elementor-open-lightbox=\"yes\" data-elementor-lightbox-slideshow=\"6248cab\" data-elementor-lightbox-title=\"Garderie \u00e0 Montreal\" data-e-action-hash=\"#elementor-action%3Aaction%3Dlightbox%26settings%3DeyJpZCI6MTkzMiwidXJsIjoiaHR0cHM6XC9cL2dhcmRlcmllLWF1LXBheXMtZGVzLXphbWlzLmNvbVwvd3AtY29udGVudFwvdXBsb2Fkc1wvMjAyM1wvMDRcL0dhcmRlcmllLWEtTW9udHJlYWwtMS5wbmciLCJzbGlkZXNob3ciOiI2MjQ4Y2FiIn0%3D\">\n\t\t\t\t\t<div class=\"e-gallery-image elementor-gallery-item__image\" data-thumbnail=\"https:\/\/garderie-au-pays-des-zamis.com\/wp-content\/uploads\/2023\/04\/Garderie-a-Montreal-1.png\" data-width=\"600\" data-height=\"300\" aria-label=\"\" role=\"img\" ><\/div>\n\t\t\t\t\t\t\t\t\t\t\t<div class=\"elementor-gallery-item__overlay\"><\/div>\n\t\t\t\t\t\t\t\t\t\t\t\t\t\t<\/a>\n\t\t\t\t\t\t\t<a class=\"e-gallery-item elementor-gallery-item elementor-animated-content\" href=\"https:\/\/garderie-au-pays-des-zamis.com\/wp-content\/uploads\/2023\/04\/Garderie-Quebec.png\" data-elementor-open-lightbox=\"yes\" data-elementor-lightbox-slideshow=\"6248cab\" data-elementor-lightbox-title=\"Garderie Qu\u00e9bec\" data-e-action-hash=\"#elementor-action%3Aaction%3Dlightbox%26settings%3DeyJpZCI6MTkzMywidXJsIjoiaHR0cHM6XC9cL2dhcmRlcmllLWF1LXBheXMtZGVzLXphbWlzLmNvbVwvd3AtY29udGVudFwvdXBsb2Fkc1wvMjAyM1wvMDRcL0dhcmRlcmllLVF1ZWJlYy5wbmciLCJzbGlkZXNob3ciOiI2MjQ4Y2FiIn0%3D\">\n\t\t\t\t\t<div class=\"e-gallery-image elementor-gallery-item__image\" data-thumbnail=\"https:\/\/garderie-au-pays-des-zamis.com\/wp-content\/uploads\/2023\/04\/Garderie-Quebec.png\" data-width=\"600\" data-height=\"300\" aria-label=\"\" role=\"img\" ><\/div>\n\t\t\t\t\t\t\t\t\t\t\t<div class=\"elementor-gallery-item__overlay\"><\/div>\n\t\t\t\t\t\t\t\t\t\t\t\t\t\t<\/a>\n\t\t\t\t\t\t\t<a class=\"e-gallery-item elementor-gallery-item elementor-animated-content\" href=\"https:\/\/garderie-au-pays-des-zamis.com\/wp-content\/uploads\/2023\/04\/Garderie-situe-a-Montreal.png\" data-elementor-open-lightbox=\"yes\" data-elementor-lightbox-slideshow=\"6248cab\" data-elementor-lightbox-title=\"Garderie situ\u00e9 \u00e0 Montr\u00e9al\" data-e-action-hash=\"#elementor-action%3Aaction%3Dlightbox%26settings%3DeyJpZCI6MTkzNCwidXJsIjoiaHR0cHM6XC9cL2dhcmRlcmllLWF1LXBheXMtZGVzLXphbWlzLmNvbVwvd3AtY29udGVudFwvdXBsb2Fkc1wvMjAyM1wvMDRcL0dhcmRlcmllLXNpdHVlLWEtTW9udHJlYWwucG5nIiwic2xpZGVzaG93IjoiNjI0OGNhYiJ9\">\n\t\t\t\t\t<div class=\"e-gallery-image elementor-gallery-item__image\" data-thumbnail=\"https:\/\/garderie-au-pays-des-zamis.com\/wp-content\/uploads\/2023\/04\/Garderie-situe-a-Montreal.png\" data-width=\"600\" data-height=\"300\" aria-label=\"\" role=\"img\" ><\/div>\n\t\t\t\t\t\t\t\t\t\t\t<div class=\"elementor-gallery-item__overlay\"><\/div>\n\t\t\t\t\t\t\t\t\t\t\t\t\t\t<\/a>\n\t\t\t\t\t\t\t<a class=\"e-gallery-item elementor-gallery-item elementor-animated-content\" href=\"https:\/\/garderie-au-pays-des-zamis.com\/wp-content\/uploads\/2023\/04\/Garderie-Subventionne.png\" data-elementor-open-lightbox=\"yes\" data-elementor-lightbox-slideshow=\"6248cab\" data-elementor-lightbox-title=\"Garderie Subventionn\u00e9\" data-e-action-hash=\"#elementor-action%3Aaction%3Dlightbox%26settings%3DeyJpZCI6MTkzNSwidXJsIjoiaHR0cHM6XC9cL2dhcmRlcmllLWF1LXBheXMtZGVzLXphbWlzLmNvbVwvd3AtY29udGVudFwvdXBsb2Fkc1wvMjAyM1wvMDRcL0dhcmRlcmllLVN1YnZlbnRpb25uZS5wbmciLCJzbGlkZXNob3ciOiI2MjQ4Y2FiIn0%3D\">\n\t\t\t\t\t<div class=\"e-gallery-image elementor-gallery-item__image\" data-thumbnail=\"https:\/\/garderie-au-pays-des-zamis.com\/wp-content\/uploads\/2023\/04\/Garderie-Subventionne.png\" data-width=\"600\" data-height=\"300\" aria-label=\"\" role=\"img\" ><\/div>\n\t\t\t\t\t\t\t\t\t\t\t<div class=\"elementor-gallery-item__overlay\"><\/div>\n\t\t\t\t\t\t\t\t\t\t\t\t\t\t<\/a>\n\t\t\t\t\t\t\t<a class=\"e-gallery-item elementor-gallery-item elementor-animated-content\" href=\"https:\/\/garderie-au-pays-des-zamis.com\/wp-content\/uploads\/2023\/04\/Garderie-1.png\" data-elementor-open-lightbox=\"yes\" data-elementor-lightbox-slideshow=\"6248cab\" data-elementor-lightbox-title=\"Garderie\" data-e-action-hash=\"#elementor-action%3Aaction%3Dlightbox%26settings%3DeyJpZCI6MTkzNiwidXJsIjoiaHR0cHM6XC9cL2dhcmRlcmllLWF1LXBheXMtZGVzLXphbWlzLmNvbVwvd3AtY29udGVudFwvdXBsb2Fkc1wvMjAyM1wvMDRcL0dhcmRlcmllLTEucG5nIiwic2xpZGVzaG93IjoiNjI0OGNhYiJ9\">\n\t\t\t\t\t<div class=\"e-gallery-image elementor-gallery-item__image\" data-thumbnail=\"https:\/\/garderie-au-pays-des-zamis.com\/wp-content\/uploads\/2023\/04\/Garderie-1.png\" data-width=\"600\" data-height=\"300\" aria-label=\"\" role=\"img\" ><\/div>\n\t\t\t\t\t\t\t\t\t\t\t<div class=\"elementor-gallery-item__overlay\"><\/div>\n\t\t\t\t\t\t\t\t\t\t\t\t\t\t<\/a>\n\t\t\t\t\t\t\t<a class=\"e-gallery-item elementor-gallery-item elementor-animated-content\" href=\"https:\/\/garderie-au-pays-des-zamis.com\/wp-content\/uploads\/2023\/04\/Garderie-educatif.png\" data-elementor-open-lightbox=\"yes\" data-elementor-lightbox-slideshow=\"6248cab\" data-elementor-lightbox-title=\"Garderie \u00e9ducatif\" data-e-action-hash=\"#elementor-action%3Aaction%3Dlightbox%26settings%3DeyJpZCI6MTkzNywidXJsIjoiaHR0cHM6XC9cL2dhcmRlcmllLWF1LXBheXMtZGVzLXphbWlzLmNvbVwvd3AtY29udGVudFwvdXBsb2Fkc1wvMjAyM1wvMDRcL0dhcmRlcmllLWVkdWNhdGlmLnBuZyIsInNsaWRlc2hvdyI6IjYyNDhjYWIifQ%3D%3D\">\n\t\t\t\t\t<div class=\"e-gallery-image elementor-gallery-item__image\" data-thumbnail=\"https:\/\/garderie-au-pays-des-zamis.com\/wp-content\/uploads\/2023\/04\/Garderie-educatif.png\" data-width=\"600\" data-height=\"300\" aria-label=\"\" role=\"img\" ><\/div>\n\t\t\t\t\t\t\t\t\t\t\t<div class=\"elementor-gallery-item__overlay\"><\/div>\n\t\t\t\t\t\t\t\t\t\t\t\t\t\t<\/a>\n\t\t\t\t\t\t\t<a class=\"e-gallery-item elementor-gallery-item elementor-animated-content\" href=\"https:\/\/garderie-au-pays-des-zamis.com\/wp-content\/uploads\/2023\/04\/17.png\" data-elementor-open-lightbox=\"yes\" data-elementor-lightbox-slideshow=\"6248cab\" data-elementor-lightbox-title=\"17\" data-e-action-hash=\"#elementor-action%3Aaction%3Dlightbox%26settings%3DeyJpZCI6MTk1MCwidXJsIjoiaHR0cHM6XC9cL2dhcmRlcmllLWF1LXBheXMtZGVzLXphbWlzLmNvbVwvd3AtY29udGVudFwvdXBsb2Fkc1wvMjAyM1wvMDRcLzE3LnBuZyIsInNsaWRlc2hvdyI6IjYyNDhjYWIifQ%3D%3D\">\n\t\t\t\t\t<div class=\"e-gallery-image elementor-gallery-item__image\" data-thumbnail=\"https:\/\/garderie-au-pays-des-zamis.com\/wp-content\/uploads\/2023\/04\/17.png\" data-width=\"600\" data-height=\"300\" aria-label=\"\" role=\"img\" ><\/div>\n\t\t\t\t\t\t\t\t\t\t\t<div class=\"elementor-gallery-item__overlay\"><\/div>\n\t\t\t\t\t\t\t\t\t\t\t\t\t\t<\/a>\n\t\t\t\t\t\t\t<a class=\"e-gallery-item elementor-gallery-item elementor-animated-content\" href=\"https:\/\/garderie-au-pays-des-zamis.com\/wp-content\/uploads\/2023\/04\/18.png\" data-elementor-open-lightbox=\"yes\" data-elementor-lightbox-slideshow=\"6248cab\" data-elementor-lightbox-title=\"18\" data-e-action-hash=\"#elementor-action%3Aaction%3Dlightbox%26settings%3DeyJpZCI6MTk1MSwidXJsIjoiaHR0cHM6XC9cL2dhcmRlcmllLWF1LXBheXMtZGVzLXphbWlzLmNvbVwvd3AtY29udGVudFwvdXBsb2Fkc1wvMjAyM1wvMDRcLzE4LnBuZyIsInNsaWRlc2hvdyI6IjYyNDhjYWIifQ%3D%3D\">\n\t\t\t\t\t<div class=\"e-gallery-image elementor-gallery-item__image\" data-thumbnail=\"https:\/\/garderie-au-pays-des-zamis.com\/wp-content\/uploads\/2023\/04\/18.png\" data-width=\"600\" data-height=\"300\" aria-label=\"\" role=\"img\" ><\/div>\n\t\t\t\t\t\t\t\t\t\t\t<div class=\"elementor-gallery-item__overlay\"><\/div>\n\t\t\t\t\t\t\t\t\t\t\t\t\t\t<\/a>\n\t\t\t\t\t<\/div>\n\t\t\t\t\t<\/div>\n\t\t\t\t<\/div>\n\t\t\t\t\t<\/div>\n\t\t<\/div>\n\t\t\t\t\t<\/div>\n\t\t<\/section>\n\t\t\t\t<\/div>\n\t\t","protected":false},"excerpt":{"rendered":"<p>Stories<\/p>","protected":false},"author":1,"featured_media":360,"parent":0,"menu_order":0,"comment_status":"closed","ping_status":"closed","template":"","meta":{"_kadence_starter_templates_imported_post":true,"_kad_post_transparent":"","_kad_post_title":"","_kad_post_layout":"","_kad_post_sidebar_id":"","_kad_post_content_style":"","_kad_post_vertical_padding":"","_kad_post_feature":"","_kad_post_feature_position":"","_kad_post_header":false,"_kad_post_footer":false,"_kad_post_classname":"","slim_seo":{"title":"Gallery - AU PAYS DES Z&#039;AMIS","description":""},"footnotes":""},"class_list":["post-331","page","type-page","status-publish","has-post-thumbnail","hentry"],"_links":{"self":[{"href":"https:\/\/garderie-au-pays-des-zamis.com\/fr\/wp-json\/wp\/v2\/pages\/331","targetHints":{"allow":["GET"]}}],"collection":[{"href":"https:\/\/garderie-au-pays-des-zamis.com\/fr\/wp-json\/wp\/v2\/pages"}],"about":[{"href":"https:\/\/garderie-au-pays-des-zamis.com\/fr\/wp-json\/wp\/v2\/types\/page"}],"author":[{"embeddable":true,"href":"https:\/\/garderie-au-pays-des-zamis.com\/fr\/wp-json\/wp\/v2\/users\/1"}],"replies":[{"embeddable":true,"href":"https:\/\/garderie-au-pays-des-zamis.com\/fr\/wp-json\/wp\/v2\/comments?post=331"}],"version-history":[{"count":24,"href":"https:\/\/garderie-au-pays-des-zamis.com\/fr\/wp-json\/wp\/v2\/pages\/331\/revisions"}],"predecessor-version":[{"id":1978,"href":"https:\/\/garderie-au-pays-des-zamis.com\/fr\/wp-json\/wp\/v2\/pages\/331\/revisions\/1978"}],"wp:featuredmedia":[{"embeddable":true,"href":"https:\/\/garderie-au-pays-des-zamis.com\/fr\/wp-json\/wp\/v2\/media\/360"}],"wp:attachment":[{"href":"https:\/\/garderie-au-pays-des-zamis.com\/fr\/wp-json\/wp\/v2\/media?parent=331"}],"curies":[{"name":"wp","href":"https:\/\/api.w.org\/{rel}","templated":true}]}}